{"id":2778,"date":"2021-05-11T15:43:06","date_gmt":"2021-05-11T13:43:06","guid":{"rendered":"https:\/\/gourmetjorge.com\/?post_type=product&#038;p=2778"},"modified":"2026-04-13T20:16:59","modified_gmt":"2026-04-13T18:16:59","slug":"beef-cachopo-1-unit-500g","status":"publish","type":"product","link":"https:\/\/gourmetjorge.com\/en\/producto\/cachopo-de-ternera-1u-500gr\/","title":{"rendered":"Veal Cachopo (1u.\/500gr)"},"content":{"rendered":"<p>Our exquisite <strong>veal cachopos<\/strong> They are handcrafted with great care and attention to detail. This authentic delicacy will impress, as it contains the finest beef and 10-point cheese, so you can prepare meals quickly and easily for your guests or family.<\/p>\n<p><strong>INGREDIENTS<\/strong>:<br \/>\nBeef fillet, ham, cheese, pasteurized eggs and breadcrumbs (<strong><u>wheat flour<\/u><\/strong>, water, salt, yeast).<\/p>\n<p><strong>PRESENTATION<\/strong>:<br \/>\nIn bulk.<\/p>\n<p><strong>NOTE<\/strong>:<br \/>\nAllergens indicated in underlined text.<\/p>\n<p><strong>WEIGHT PER UNIT<\/strong><br \/>\nEach cachopo weighs approximately 500g.<\/p>","protected":false},"excerpt":{"rendered":"<p>Nuestros exquisitos cachopos de ternera est\u00e1n hechos de forma artesanal con gran mimo y detalle. Este aut\u00e9ntico manjar no le dejar\u00e1 indiferente, ya que lleva la mejor carne de ternera y un queso de 10 para que pueda hacer comidas de forma r\u00e1pida y sencilla a sus invitados o familia. INGREDIENTES: Filete de ternera, jam\u00f3n, [&hellip;]<\/p>\n","protected":false},"featured_media":2776,"template":"","meta":[],"product_brand":[],"product_cat":[23,18],"product_tag":[],"class_list":{"0":"post-2778","1":"product","2":"type-product","3":"status-publish","4":"has-post-thumbnail","6":"product_cat-elaborados","7":"product_cat-carne-vacuno","9":"first","10":"instock","11":"taxable","12":"shipping-taxable","13":"purchasable","14":"product-type-simple"},"_links":{"self":[{"href":"https:\/\/gourmetjorge.com\/en\/wp-json\/wp\/v2\/product\/2778","targetHints":{"allow":["GET"]}}],"collection":[{"href":"https:\/\/gourmetjorge.com\/en\/wp-json\/wp\/v2\/product"}],"about":[{"href":"https:\/\/gourmetjorge.com\/en\/wp-json\/wp\/v2\/types\/product"}],"wp:featuredmedia":[{"embeddable":true,"href":"https:\/\/gourmetjorge.com\/en\/wp-json\/wp\/v2\/media\/2776"}],"wp:attachment":[{"href":"https:\/\/gourmetjorge.com\/en\/wp-json\/wp\/v2\/media?parent=2778"}],"wp:term":[{"taxonomy":"product_brand","embeddable":true,"href":"https:\/\/gourmetjorge.com\/en\/wp-json\/wp\/v2\/product_brand?post=2778"},{"taxonomy":"product_cat","embeddable":true,"href":"https:\/\/gourmetjorge.com\/en\/wp-json\/wp\/v2\/product_cat?post=2778"},{"taxonomy":"product_tag","embeddable":true,"href":"https:\/\/gourmetjorge.com\/en\/wp-json\/wp\/v2\/product_tag?post=2778"}],"curies":[{"name":"wp","href":"https:\/\/api.w.org\/{rel}","templated":true}]}}