{"id":745,"date":"2021-02-14T16:43:53","date_gmt":"2021-02-14T15:43:53","guid":{"rendered":"https:\/\/gourmetjorge.com\/carniceria-gourmet\/sin%20categor\u00eda\/import-placeholder-for-426\/"},"modified":"2026-04-12T09:56:56","modified_gmt":"2026-04-12T07:56:56","slug":"beef-burger","status":"publish","type":"product","link":"https:\/\/gourmetjorge.com\/en\/producto\/burger-de-ternera\/","title":{"rendered":"Beef Burger (1 unit\/180g)"},"content":{"rendered":"<p>A top-of-the-range burger. If you&#039;re a true lover of beef-flavored burgers, the gourmet beef burger is your choice.<\/p>\n<p><strong>INGREDIENTS<\/strong>:<br \/>\nMinced beef, water, breadcrumbs (<strong><u>wheat flour<\/u><\/strong>, water, salt, yeast), salt, cereals (corn starch), maltodextrin, dextrose, spices, preservative (E-221), antioxidants (E-300, E-331), flavoring and coloring (E-120).<\/p>\n<p><strong>PRESENTATION<\/strong>:<br \/>\nIn bulk.<\/p>\n<p><strong>NOTE<\/strong>:<br \/>\nAllergens indicated in underlined text. Preservative E-221: Contains sulfites.<\/p>\n<p><strong>WEIGHT PER UNIT<\/strong><br \/>\nEach hamburger weighs approximately 180g.<\/p>","protected":false},"excerpt":{"rendered":"<p>Una hamburguesa tope de gama. Si eres un verdadero amante de las hamburguesas con sabor a ternera, la burger gourmet de ternera es tu elecci\u00f3n. INGREDIENTES: Carne picada de ternera, agua, pan rallado (harina de trigo, agua, sal, levadura), sal, cereales (almid\u00f3n de ma\u00edz), maltodextrina, dextrosa, especias, conservador (E-221), antioxidantes (E-300, E-331), aroma y colorante [&hellip;]<\/p>\n","protected":false},"featured_media":2491,"template":"","meta":[],"product_brand":[],"product_cat":[25],"product_tag":[],"class_list":{"0":"post-745","1":"product","2":"type-product","3":"status-publish","4":"has-post-thumbnail","6":"product_cat-burgers","8":"first","9":"instock","10":"taxable","11":"shipping-taxable","12":"purchasable","13":"product-type-simple"},"_links":{"self":[{"href":"https:\/\/gourmetjorge.com\/en\/wp-json\/wp\/v2\/product\/745","targetHints":{"allow":["GET"]}}],"collection":[{"href":"https:\/\/gourmetjorge.com\/en\/wp-json\/wp\/v2\/product"}],"about":[{"href":"https:\/\/gourmetjorge.com\/en\/wp-json\/wp\/v2\/types\/product"}],"wp:featuredmedia":[{"embeddable":true,"href":"https:\/\/gourmetjorge.com\/en\/wp-json\/wp\/v2\/media\/2491"}],"wp:attachment":[{"href":"https:\/\/gourmetjorge.com\/en\/wp-json\/wp\/v2\/media?parent=745"}],"wp:term":[{"taxonomy":"product_brand","embeddable":true,"href":"https:\/\/gourmetjorge.com\/en\/wp-json\/wp\/v2\/product_brand?post=745"},{"taxonomy":"product_cat","embeddable":true,"href":"https:\/\/gourmetjorge.com\/en\/wp-json\/wp\/v2\/product_cat?post=745"},{"taxonomy":"product_tag","embeddable":true,"href":"https:\/\/gourmetjorge.com\/en\/wp-json\/wp\/v2\/product_tag?post=745"}],"curies":[{"name":"wp","href":"https:\/\/api.w.org\/{rel}","templated":true}]}}