{"id":746,"date":"2021-02-14T16:43:53","date_gmt":"2021-02-14T15:43:53","guid":{"rendered":"https:\/\/gourmetjorge.com\/carniceria-gourmet\/sin%20categor\u00eda\/import-placeholder-for-425\/"},"modified":"2026-04-12T09:54:52","modified_gmt":"2026-04-12T07:54:52","slug":"gourmet-burger","status":"publish","type":"product","link":"https:\/\/gourmetjorge.com\/en\/producto\/burger-gourmet\/","title":{"rendered":"Gourmet Burger (1 unit\/180g)"},"content":{"rendered":"<p>THE BURGER. This isn&#039;t just any hamburger; the gourmet burger is the favorite burger for true meat lovers. With a light spice rub to intensify its incredible flavor.<\/p>\n<p><strong>INGREDIENTS<\/strong>:<br \/>\nMinced beef (50% meat mass) and pork (50% meat mass), ultra-pasteurized liquid egg, onion, garlic, parsley, salt, breadcrumbs (<strong><u>wheat flour<\/u><\/strong>, water, salt and yeast), dextrin, dextrose, preservative (E-221), antioxidant (E-301), coloring (E-120).<\/p>\n<p><strong>PRESENTATION<\/strong>:<br \/>\nIn bulk.<\/p>\n<p><strong>NOTE<\/strong>:<br \/>\nAllergens indicated in underlined text. Preservative E-221: Contains sulfites.<\/p>\n<p><strong>WEIGHT PER UNIT:<\/strong><br \/>\nEach hamburger weighs approximately 180g.<\/p>","protected":false},"excerpt":{"rendered":"<p>LA HAMBURGUESA. No se trata de una hamburguesa corriente, la gourmet burger es la hamburgesa preferida por los verdaderos amantes de la buena carne. Con un ligero ali\u00f1o de especias para intensificar su incre\u00edble sabor. INGREDIENTES: Carne picada de vaca (50% masa c\u00e1rnica) y de cerdo (50% masa c\u00e1rnica), huevo l\u00edquido ultrapasteurizado, cebolla, ajo, perejil, [&hellip;]<\/p>\n","protected":false},"featured_media":2487,"template":"","meta":[],"product_brand":[],"product_cat":[25],"product_tag":[],"class_list":{"0":"post-746","1":"product","2":"type-product","3":"status-publish","4":"has-post-thumbnail","6":"product_cat-burgers","8":"first","9":"instock","10":"taxable","11":"shipping-taxable","12":"purchasable","13":"product-type-simple"},"_links":{"self":[{"href":"https:\/\/gourmetjorge.com\/en\/wp-json\/wp\/v2\/product\/746","targetHints":{"allow":["GET"]}}],"collection":[{"href":"https:\/\/gourmetjorge.com\/en\/wp-json\/wp\/v2\/product"}],"about":[{"href":"https:\/\/gourmetjorge.com\/en\/wp-json\/wp\/v2\/types\/product"}],"wp:featuredmedia":[{"embeddable":true,"href":"https:\/\/gourmetjorge.com\/en\/wp-json\/wp\/v2\/media\/2487"}],"wp:attachment":[{"href":"https:\/\/gourmetjorge.com\/en\/wp-json\/wp\/v2\/media?parent=746"}],"wp:term":[{"taxonomy":"product_brand","embeddable":true,"href":"https:\/\/gourmetjorge.com\/en\/wp-json\/wp\/v2\/product_brand?post=746"},{"taxonomy":"product_cat","embeddable":true,"href":"https:\/\/gourmetjorge.com\/en\/wp-json\/wp\/v2\/product_cat?post=746"},{"taxonomy":"product_tag","embeddable":true,"href":"https:\/\/gourmetjorge.com\/en\/wp-json\/wp\/v2\/product_tag?post=746"}],"curies":[{"name":"wp","href":"https:\/\/api.w.org\/{rel}","templated":true}]}}