{"id":779,"date":"2021-02-15T20:25:19","date_gmt":"2021-02-15T19:25:19","guid":{"rendered":"https:\/\/gourmetjorge.com\/carniceria-gourmet\/sin%20categor\u00eda\/import-placeholder-for-459\/"},"modified":"2025-09-08T14:30:30","modified_gmt":"2025-09-08T12:30:30","slug":"mini-cachopos","status":"publish","type":"product","link":"https:\/\/gourmetjorge.com\/en\/product\/mini-cachopos\/","title":{"rendered":"Mini Cachopos (500gr)"},"content":{"rendered":"<p>With an authentic Asturian flavor, our mini cachopos will transport you to the lands of Asturias in one bite. They&#039;ll remind you of the authentic cachopo, except that their size makes them much easier to make in any deep fryer or pan.<\/p>\n<p><strong>INGREDIENTS<\/strong>:<br \/>\n<strong><u>Flour for coating, milk, cheese, breadcrumbs, wheat flour<\/u><\/strong>, beef, water, Serrano ham, antioxidant E-331 iii and E-301, dextrose, salt, spices.<\/p>\n<p><strong>NOTE<\/strong>:<br \/>\nAllergens indicated in underlined text.<\/p>","protected":false},"excerpt":{"rendered":"<p>Con el aut\u00e9ntico sabor asturiano, nuestros mini cachopos le har\u00e1n transportarse a las tierras asturianas de un bocado. Le recordar\u00e1n al aut\u00e9ntico cachopo, con la salvedad que con este tama\u00f1o, le ser\u00e1 mucho m\u00e1s f\u00e1cil hacerlos en cualquier freidora o sart\u00e9n. INGREDIENTES: Harina para rebozar, leche, queso, pan rallado, harina de trigo, carne de ternera, [&hellip;]<\/p>\n","protected":false},"featured_media":292,"template":"","meta":[],"product_brand":[],"product_cat":[23],"product_tag":[],"class_list":{"0":"post-779","1":"product","2":"type-product","3":"status-publish","4":"has-post-thumbnail","6":"product_cat-elaborados","8":"first","9":"instock","10":"taxable","11":"shipping-taxable","12":"purchasable","13":"product-type-simple"},"_links":{"self":[{"href":"https:\/\/gourmetjorge.com\/en\/wp-json\/wp\/v2\/product\/779","targetHints":{"allow":["GET"]}}],"collection":[{"href":"https:\/\/gourmetjorge.com\/en\/wp-json\/wp\/v2\/product"}],"about":[{"href":"https:\/\/gourmetjorge.com\/en\/wp-json\/wp\/v2\/types\/product"}],"wp:featuredmedia":[{"embeddable":true,"href":"https:\/\/gourmetjorge.com\/en\/wp-json\/wp\/v2\/media\/292"}],"wp:attachment":[{"href":"https:\/\/gourmetjorge.com\/en\/wp-json\/wp\/v2\/media?parent=779"}],"wp:term":[{"taxonomy":"product_brand","embeddable":true,"href":"https:\/\/gourmetjorge.com\/en\/wp-json\/wp\/v2\/product_brand?post=779"},{"taxonomy":"product_cat","embeddable":true,"href":"https:\/\/gourmetjorge.com\/en\/wp-json\/wp\/v2\/product_cat?post=779"},{"taxonomy":"product_tag","embeddable":true,"href":"https:\/\/gourmetjorge.com\/en\/wp-json\/wp\/v2\/product_tag?post=779"}],"curies":[{"name":"wp","href":"https:\/\/api.w.org\/{rel}","templated":true}]}}