{"id":780,"date":"2021-03-27T20:43:19","date_gmt":"2021-03-27T20:43:19","guid":{"rendered":"https:\/\/gourmetjorge.com\/carniceria-gourmet\/sin%20categor\u00eda\/import-placeholder-for-460\/"},"modified":"2025-09-08T14:10:45","modified_gmt":"2025-09-08T12:10:45","slug":"500gr-meatballs","status":"publish","type":"product","link":"https:\/\/gourmetjorge.com\/en\/producto\/albondigas-de-carne-500gr\/","title":{"rendered":"Meatballs (500gr)"},"content":{"rendered":"<p><span data-sheets-value=\"{&quot;1&quot;:2,&quot;2&quot;:&quot;Con carne de primera bien picada y amasada con cari\u00f1o, nuestras alb\u00f3ndigas son un plato r\u00e1pido pero muy nutritivo. Sin conservantes ni aditivos.&quot;}\" data-sheets-userformat=\"{&quot;2&quot;:513,&quot;3&quot;:{&quot;1&quot;:0},&quot;12&quot;:0}\">Made with finely minced, premium beef, lovingly kneaded, our meatballs are a quick yet highly nutritious dish. No preservatives or additives.<\/span><\/p>\n<p><strong>INGREDIENTS<\/strong>:<br \/>\nMinced beef (50% meat mass) and pork (50% meat mass), ultra-pasteurized liquid egg, onion, garlic, parsley, salt, breadcrumbs (<strong><u>wheat flour<\/u><\/strong>, water, salt and yeast), dextrin, dextrose, preservative (E-221), antioxidant (E-301), coloring (E-120).<\/p>\n<p><strong>PRESENTATION<\/strong>:<br \/>\nIn bulk.<\/p>\n<p><strong>NOTE<\/strong>:<br \/>\nAllergens indicated in underlined text. Preservative E-221: Contains sulfites.<\/p>","protected":false},"excerpt":{"rendered":"<p>Con carne de primera bien picada y amasada con cari\u00f1o, nuestras alb\u00f3ndigas son un plato r\u00e1pido pero muy nutritivo. Sin conservantes ni aditivos. INGREDIENTES: Carne picada de ternera (50% masa c\u00e1rnica) y de cerdo (50% masa c\u00e1rnica), huevo l\u00edquido ultrapasteurizado, cebolla, ajo, perejil, sal, pan rallado (harina de trigo, agua, sal y levadura), dextrina, dextrosa, [&hellip;]<\/p>\n","protected":false},"featured_media":332,"template":"","meta":[],"product_brand":[],"product_cat":[23],"product_tag":[],"class_list":{"0":"post-780","1":"product","2":"type-product","3":"status-publish","4":"has-post-thumbnail","6":"product_cat-elaborados","8":"first","9":"instock","10":"taxable","11":"shipping-taxable","12":"purchasable","13":"product-type-simple"},"_links":{"self":[{"href":"https:\/\/gourmetjorge.com\/en\/wp-json\/wp\/v2\/product\/780","targetHints":{"allow":["GET"]}}],"collection":[{"href":"https:\/\/gourmetjorge.com\/en\/wp-json\/wp\/v2\/product"}],"about":[{"href":"https:\/\/gourmetjorge.com\/en\/wp-json\/wp\/v2\/types\/product"}],"wp:featuredmedia":[{"embeddable":true,"href":"https:\/\/gourmetjorge.com\/en\/wp-json\/wp\/v2\/media\/332"}],"wp:attachment":[{"href":"https:\/\/gourmetjorge.com\/en\/wp-json\/wp\/v2\/media?parent=780"}],"wp:term":[{"taxonomy":"product_brand","embeddable":true,"href":"https:\/\/gourmetjorge.com\/en\/wp-json\/wp\/v2\/product_brand?post=780"},{"taxonomy":"product_cat","embeddable":true,"href":"https:\/\/gourmetjorge.com\/en\/wp-json\/wp\/v2\/product_cat?post=780"},{"taxonomy":"product_tag","embeddable":true,"href":"https:\/\/gourmetjorge.com\/en\/wp-json\/wp\/v2\/product_tag?post=780"}],"curies":[{"name":"wp","href":"https:\/\/api.w.org\/{rel}","templated":true}]}}