{"id":782,"date":"2021-02-15T20:25:19","date_gmt":"2021-02-15T19:25:19","guid":{"rendered":"https:\/\/gourmetjorge.com\/carniceria-gourmet\/sin%20categor\u00eda\/import-placeholder-for-462\/"},"modified":"2025-09-08T14:27:01","modified_gmt":"2025-09-08T12:27:01","slug":"russian-beef-steaks","status":"publish","type":"product","link":"https:\/\/gourmetjorge.com\/en\/product\/russian-beef-steaks\/","title":{"rendered":"Russian Meat Fillets (500gr)"},"content":{"rendered":"<p>Did you know that beef steaks aren&#039;t actually steaks? They&#039;re a well-seasoned minced meat seasoned with egg, breadcrumbs, garlic, and parsley. With our beef steaks, you&#039;ll experience the intense flavor of premium beef.<\/p>\n<p><strong>INGREDIENTS<\/strong>:<br \/>\nMinced beef (50% meat mass) and pork (50% meat mass), ultra-pasteurized liquid egg, onion, garlic, parsley, salt, breadcrumbs (<strong><u>wheat flour<\/u><\/strong>, water, salt and yeast), dextrin, dextrose, preservative (E-221), antioxidant (E-301), coloring (E-120).<\/p>\n<p><strong>PRESENTATION<\/strong>:<br \/>\nIn bulk.<\/p>\n<p><strong>NOTE<\/strong>:<br \/>\nAllergens indicated in underlined text. Preservative E-221: Contains sulfites.<\/p>\n<p>&nbsp;<\/p>","protected":false},"excerpt":{"rendered":"<p>\u00bfSab\u00edas que en realidad los filetes rusos no son filetes? Son un preparado de carne picada bien condimentada aderezada con huevo, pan rallado, ajo y perejil. Con nuestros filetes rusos de carne experimentar\u00e1 un intenso sabor a carne de primera calidad. INGREDIENTES: Carne picada de ternera (50% masa c\u00e1rnica) y de cerdo (50% masa c\u00e1rnica), [&hellip;]<\/p>\n","protected":false},"featured_media":769,"template":"","meta":[],"product_brand":[],"product_cat":[23],"product_tag":[],"class_list":{"0":"post-782","1":"product","2":"type-product","3":"status-publish","4":"has-post-thumbnail","6":"product_cat-elaborados","8":"first","9":"instock","10":"taxable","11":"shipping-taxable","12":"purchasable","13":"product-type-simple"},"_links":{"self":[{"href":"https:\/\/gourmetjorge.com\/en\/wp-json\/wp\/v2\/product\/782","targetHints":{"allow":["GET"]}}],"collection":[{"href":"https:\/\/gourmetjorge.com\/en\/wp-json\/wp\/v2\/product"}],"about":[{"href":"https:\/\/gourmetjorge.com\/en\/wp-json\/wp\/v2\/types\/product"}],"wp:featuredmedia":[{"embeddable":true,"href":"https:\/\/gourmetjorge.com\/en\/wp-json\/wp\/v2\/media\/769"}],"wp:attachment":[{"href":"https:\/\/gourmetjorge.com\/en\/wp-json\/wp\/v2\/media?parent=782"}],"wp:term":[{"taxonomy":"product_brand","embeddable":true,"href":"https:\/\/gourmetjorge.com\/en\/wp-json\/wp\/v2\/product_brand?post=782"},{"taxonomy":"product_cat","embeddable":true,"href":"https:\/\/gourmetjorge.com\/en\/wp-json\/wp\/v2\/product_cat?post=782"},{"taxonomy":"product_tag","embeddable":true,"href":"https:\/\/gourmetjorge.com\/en\/wp-json\/wp\/v2\/product_tag?post=782"}],"curies":[{"name":"wp","href":"https:\/\/api.w.org\/{rel}","templated":true}]}}