{"id":784,"date":"2021-02-15T20:25:19","date_gmt":"2021-02-15T19:25:19","guid":{"rendered":"https:\/\/gourmetjorge.com\/carniceria-gourmet\/sin%20categor\u00eda\/import-placeholder-for-464\/"},"modified":"2025-09-08T14:35:07","modified_gmt":"2025-09-08T12:35:07","slug":"pork-sausage","status":"publish","type":"product","link":"https:\/\/gourmetjorge.com\/en\/producto\/salchicha-de-carne-de-cerdo\/","title":{"rendered":"Pork Sausage (500gr)"},"content":{"rendered":"<p>Our pork sausages are top-quality, providing a unique flavor that you won&#039;t find in packaged sausages.<\/p>\n<p><strong>INGREDIENTS<\/strong>:<br \/>\nMinced pork, salt, maltodextrin, starch, spices, vegetable fiber, dextrose, preservative E-221, flavoring, antioxidant E-300, coloring E-120. (Contains sulfites).<\/p>\n<p><strong>PRESENTATION<\/strong>:<br \/>\nIn bulk in the form of strings<\/p>\n<p><strong>NOTE<\/strong>:<br \/>\nAllergens indicated in underlined text. Preservative E-221: Contains sulfites.<\/p>","protected":false},"excerpt":{"rendered":"<p>Nuestras salchichas de carne de cerdo son de primera calidad, aportando con ello un sabor \u00fanico y que no encontrar\u00e1 en unas salchichas envasadas. INGREDIENTES: Carne picada de cerdo, sal, maltodextrina, almid\u00f3n, especias, fibra vegetal, dextrosa, conservador E-221, aroma, antioxidante E-300, colorante E-120. (Contiene Sulfitos). PRESENTACI\u00d3N: A granel en forma de ristras NOTA: Al\u00e9rgenos indicados [&hellip;]<\/p>\n","protected":false},"featured_media":313,"template":"","meta":[],"product_brand":[],"product_cat":[62,19,23],"product_tag":[],"class_list":{"0":"post-784","1":"product","2":"type-product","3":"status-publish","4":"has-post-thumbnail","6":"product_cat-carne-barbacoas","7":"product_cat-carne-cerdo","8":"product_cat-elaborados","10":"first","11":"instock","12":"taxable","13":"shipping-taxable","14":"purchasable","15":"product-type-simple"},"_links":{"self":[{"href":"https:\/\/gourmetjorge.com\/en\/wp-json\/wp\/v2\/product\/784","targetHints":{"allow":["GET"]}}],"collection":[{"href":"https:\/\/gourmetjorge.com\/en\/wp-json\/wp\/v2\/product"}],"about":[{"href":"https:\/\/gourmetjorge.com\/en\/wp-json\/wp\/v2\/types\/product"}],"wp:featuredmedia":[{"embeddable":true,"href":"https:\/\/gourmetjorge.com\/en\/wp-json\/wp\/v2\/media\/313"}],"wp:attachment":[{"href":"https:\/\/gourmetjorge.com\/en\/wp-json\/wp\/v2\/media?parent=784"}],"wp:term":[{"taxonomy":"product_brand","embeddable":true,"href":"https:\/\/gourmetjorge.com\/en\/wp-json\/wp\/v2\/product_brand?post=784"},{"taxonomy":"product_cat","embeddable":true,"href":"https:\/\/gourmetjorge.com\/en\/wp-json\/wp\/v2\/product_cat?post=784"},{"taxonomy":"product_tag","embeddable":true,"href":"https:\/\/gourmetjorge.com\/en\/wp-json\/wp\/v2\/product_tag?post=784"}],"curies":[{"name":"wp","href":"https:\/\/api.w.org\/{rel}","templated":true}]}}