{"id":933,"date":"2021-02-20T19:54:07","date_gmt":"2021-02-20T18:54:07","guid":{"rendered":"https:\/\/gourmetjorge.com\/carniceria-gourmet\/sin%20categor\u00eda\/import-placeholder-for-510\/"},"modified":"2025-09-08T14:20:49","modified_gmt":"2025-09-08T12:20:49","slug":"seasoned-ribbon","status":"publish","type":"product","link":"https:\/\/gourmetjorge.com\/en\/product\/seasoned-ribbon\/","title":{"rendered":"Marinated Ribbon (500gr)"},"content":{"rendered":"<p>Marinated ribeye steak is a tender and exquisite meat for the most discerning palates. Yet, it&#039;s an easy and simple dish that&#039;s also delicious.<\/p>\n<p><strong>INGREDIENTS<\/strong>:<br \/>\nPork, spices, sugar, salt, maltodextrin, dextrose, preservative (E-250), sodium ascorbate (E-301).<\/p>\n<p><strong>PRESENTATION<\/strong>:<br \/>\nIn bulk.<\/p>\n<p><strong>NOTE<\/strong>:<br \/>\nAllergens indicated in underlined text. Preservative E-221: Contains sulfites.<\/p>","protected":false},"excerpt":{"rendered":"<p>La cinta adobada es una carne blanda y exquisita para los paladares m\u00e1s selectos. A\u00fan as\u00ed un plato f\u00e1cil y sencillo a la vez que rico. INGREDIENTES: Carne de cerdo, especias, az\u00facar, sal, maltodextrina, dextrosa, conservador (E-250), ascorbato s\u00f3dico (E-301). PRESENTACI\u00d3N: A granel. NOTA: Al\u00e9rgenos indicados en texto subrayado. Conservador E-221: Contiene Sulfitos.<\/p>","protected":false},"featured_media":364,"template":"","meta":[],"product_brand":[],"product_cat":[19],"product_tag":[],"class_list":{"0":"post-933","1":"product","2":"type-product","3":"status-publish","4":"has-post-thumbnail","6":"product_cat-carne-cerdo","8":"first","9":"instock","10":"taxable","11":"shipping-taxable","12":"purchasable","13":"product-type-simple"},"_links":{"self":[{"href":"https:\/\/gourmetjorge.com\/en\/wp-json\/wp\/v2\/product\/933","targetHints":{"allow":["GET"]}}],"collection":[{"href":"https:\/\/gourmetjorge.com\/en\/wp-json\/wp\/v2\/product"}],"about":[{"href":"https:\/\/gourmetjorge.com\/en\/wp-json\/wp\/v2\/types\/product"}],"wp:featuredmedia":[{"embeddable":true,"href":"https:\/\/gourmetjorge.com\/en\/wp-json\/wp\/v2\/media\/364"}],"wp:attachment":[{"href":"https:\/\/gourmetjorge.com\/en\/wp-json\/wp\/v2\/media?parent=933"}],"wp:term":[{"taxonomy":"product_brand","embeddable":true,"href":"https:\/\/gourmetjorge.com\/en\/wp-json\/wp\/v2\/product_brand?post=933"},{"taxonomy":"product_cat","embeddable":true,"href":"https:\/\/gourmetjorge.com\/en\/wp-json\/wp\/v2\/product_cat?post=933"},{"taxonomy":"product_tag","embeddable":true,"href":"https:\/\/gourmetjorge.com\/en\/wp-json\/wp\/v2\/product_tag?post=933"}],"curies":[{"name":"wp","href":"https:\/\/api.w.org\/{rel}","templated":true}]}}