{"id":936,"date":"2021-02-20T19:54:07","date_gmt":"2021-02-20T18:54:07","guid":{"rendered":"https:\/\/gourmetjorge.com\/carniceria-gourmet\/sin%20categor\u00eda\/import-placeholder-for-514\/"},"modified":"2024-01-30T08:51:51","modified_gmt":"2024-01-30T07:51:51","slug":"tape","status":"publish","type":"product","link":"https:\/\/gourmetjorge.com\/en\/producto\/cinta\/","title":{"rendered":"Marinated Iberian Cinnamon (500gr)"},"content":{"rendered":"<p>Pork ribs are a lean meat obtained after cleaning the animal&#039;s ribs. It&#039;s low in calories, making it ideal for the little ones in the house.<\/p>\n<p><strong>INGREDIENTS<\/strong>:<br \/>\nIberian pork, spices, sugar, salt, maltodextrin, dextrose, preservative (E-250), sodium ascorbate (E-301).<\/p>\n<p><strong>PRESENTATION<\/strong>:<br \/>\nIn bulk.<\/p>\n<p><strong>NOTE<\/strong>:<br \/>\nAllergens indicated in underlined text. Preservative E-221: Contains sulfites.<\/p>","protected":false},"excerpt":{"rendered":"<p>La cinta de cerdo es una carne magra, que sale despu\u00e9s de limpiar el costillar del animal. Es de bajo aporte cal\u00f3rico por lo tanto es ideal para los m\u00e1s peques de la casa. INGREDIENTES: Carne de cerdo ib\u00e9rico, especias, az\u00facar, sal, maltodextrina, dextrosa, conservador (E-250), ascorbato s\u00f3dico (E-301). PRESENTACI\u00d3N: A granel. NOTA: Al\u00e9rgenos indicados [&hellip;]<\/p>\n","protected":false},"featured_media":366,"template":"","meta":[],"product_brand":[],"product_cat":[19],"product_tag":[],"class_list":{"0":"post-936","1":"product","2":"type-product","3":"status-publish","4":"has-post-thumbnail","6":"product_cat-carne-cerdo","8":"first","9":"instock","10":"taxable","11":"shipping-taxable","12":"purchasable","13":"product-type-simple"},"_links":{"self":[{"href":"https:\/\/gourmetjorge.com\/en\/wp-json\/wp\/v2\/product\/936","targetHints":{"allow":["GET"]}}],"collection":[{"href":"https:\/\/gourmetjorge.com\/en\/wp-json\/wp\/v2\/product"}],"about":[{"href":"https:\/\/gourmetjorge.com\/en\/wp-json\/wp\/v2\/types\/product"}],"wp:featuredmedia":[{"embeddable":true,"href":"https:\/\/gourmetjorge.com\/en\/wp-json\/wp\/v2\/media\/366"}],"wp:attachment":[{"href":"https:\/\/gourmetjorge.com\/en\/wp-json\/wp\/v2\/media?parent=936"}],"wp:term":[{"taxonomy":"product_brand","embeddable":true,"href":"https:\/\/gourmetjorge.com\/en\/wp-json\/wp\/v2\/product_brand?post=936"},{"taxonomy":"product_cat","embeddable":true,"href":"https:\/\/gourmetjorge.com\/en\/wp-json\/wp\/v2\/product_cat?post=936"},{"taxonomy":"product_tag","embeddable":true,"href":"https:\/\/gourmetjorge.com\/en\/wp-json\/wp\/v2\/product_tag?post=936"}],"curies":[{"name":"wp","href":"https:\/\/api.w.org\/{rel}","templated":true}]}}